{"id":88,"date":"2022-09-20T17:54:54","date_gmt":"2022-09-20T15:54:54","guid":{"rendered":"https:\/\/studioa.ink\/?page_id=88"},"modified":"2025-05-30T13:57:28","modified_gmt":"2025-05-30T11:57:28","slug":"impressum","status":"publish","type":"page","link":"https:\/\/studioa.ink\/en\/impressum\/","title":{"rendered":"Impressum"},"content":{"rendered":"<p>[et_pb_section fb_built=&#8220;1&#8243; _builder_version=&#8220;4.27.4&#8243; _module_preset=&#8220;default&#8220; background_color=&#8220;gcid-ea125805-8c44-40a2-b480-6d5227d8c892&#8243; module_alignment=&#8220;center&#8220; min_height=&#8220;100vh&#8220; custom_margin=&#8220;||||false|false&#8220; custom_padding=&#8220;||||false|false&#8220; da_disable_devices=&#8220;off|off|off&#8220; global_colors_info=&#8220;{%22gcid-ea125805-8c44-40a2-b480-6d5227d8c892%22:%91%22background_color%22%93}&#8220; da_is_popup=&#8220;off&#8220; da_exit_intent=&#8220;off&#8220; da_has_close=&#8220;on&#8220; da_alt_close=&#8220;off&#8220; da_dark_close=&#8220;off&#8220; da_not_modal=&#8220;on&#8220; da_is_singular=&#8220;off&#8220; da_with_loader=&#8220;off&#8220; da_has_shadow=&#8220;on&#8220;][et_pb_row _builder_version=&#8220;4.18.0&#8243; _module_preset=&#8220;default&#8220; width=&#8220;50%&#8220; width_tablet=&#8220;75%&#8220; width_phone=&#8220;85%&#8220; width_last_edited=&#8220;on|desktop&#8220; max_width=&#8220;85%&#8220; global_colors_info=&#8220;{}&#8220;][et_pb_column type=&#8220;4_4&#8243; _builder_version=&#8220;4.18.0&#8243; _module_preset=&#8220;default&#8220; global_colors_info=&#8220;{}&#8220;][et_pb_icon font_icon=&#8220;&#x23;||divi||400&#8243; icon_color=&#8220;gcid-f89a5963-8745-40de-8395-7e03c731714c&#8220; icon_width=&#8220;24px&#8220; url=&#8220;@ET-DC@eyJkeW5hbWljIjp0cnVlLCJjb250ZW50IjoiaG9tZV91cmwiLCJzZXR0aW5ncyI6e319@&#8220; align=&#8220;left&#8220; _builder_version=&#8220;4.21.0&#8243; _dynamic_attributes=&#8220;url&#8220; _module_preset=&#8220;default&#8220; global_colors_info=&#8220;{%22gcid-f89a5963-8745-40de-8395-7e03c731714c%22:%91%22icon_color%22%93}&#8220;][\/et_pb_icon][et_pb_text _builder_version=&#8220;4.27.4&#8243; _module_preset=&#8220;default&#8220; text_font=&#8220;||||||||&#8220; text_font_size=&#8220;1em&#8220; text_letter_spacing=&#8220;0.5px&#8220; link_font=&#8220;|700|||||||&#8220; link_text_color=&#8220;gcid-f89a5963-8745-40de-8395-7e03c731714c&#8220; header_font=&#8220;||||||||&#8220; custom_margin=&#8220;||15px|||&#8220; global_colors_info=&#8220;{%22gcid-f89a5963-8745-40de-8395-7e03c731714c%22:%91%22link_text_color%22%93,%22gcid-fc03a31f-9e3a-488f-a70d-faf814ca6329%22:%91%22link_text_color__hover%22%93}&#8220; link_text_color__hover_enabled=&#8220;on|desktop&#8220; link_text_color__hover=&#8220;#9b57aa&#8220;]<\/p>\n<h2 style=\"text-align: justify;\">IMPRESSUM<\/h2>\n<p style=\"text-align: justify;\">STUDIO A<br \/>Alexander Koch<br \/>Poelchaukamp 23<br \/>22301 Hamburg<\/p>\n<p style=\"text-align: justify;\">Email: <a href=\"mailto:tattoo@studioa.ink\">tattoo@studioa.ink <\/a>oder Kontaktformular der Webseite<\/p>\n<p style=\"text-align: justify;\"><strong><\/strong><\/p>\n<p style=\"text-align: justify;\"><strong>ONLINE STREITBEILEGUNG<\/strong><br \/>Die Europ\u00e4ische Kommission stellt eine Plattform zur Online-Streitbeilegung (OS) bereit, die Sie unter <a href=\"https:\/\/ec.europa.eu\/consumers\/odr\/\" target=\"_blank\" rel=\"noopener\">https:\/\/ec.europa.eu\/consumers\/odr\/<\/a> finden. Verbraucher haben die M\u00f6glichkeit, diese Plattform f\u00fcr die Beilegung ihrer Streitigkeiten zu nutzen.<\/p>\n<p style=\"text-align: justify;\"><strong>SOCIAL MEDIA<\/strong><br \/>Dieses Impressum gilt auch f\u00fcr die folgende Social-Media-Pr\u00e4senz:<a href=\"https:\/\/www.instagram.com\/studioa.ink\/\" target=\"_blank\" rel=\"noopener\" title=\"https:\/\/www.instagram.com\/studioa.ink\/\"> https:\/\/www.instagram.com\/studioa.ink\/<\/a><\/p>\n<p style=\"text-align: justify;\"><strong>HAFTUNGS- UND SCHUTZRECHTHINWEISE<\/strong><br \/>Haftungsausschluss: Die Inhalte dieses Onlineangebotes wurden sorgf\u00e4ltig und nach unserem aktuellen Kenntnisstand erstellt, dienen jedoch nur der Information und entfalten keine rechtlich bindende Wirkung, sofern es sich nicht um gesetzlich verpflichtende Informationen (z.B. das Impressum, die Datenschutzerkl\u00e4rung, AGB oder verpflichtende Belehrungen von Verbrauchern) handelt. Wir behalten uns vor, die Inhalte vollst\u00e4ndig oder teilweise zu \u00e4ndern oder zu l\u00f6schen, soweit vertragliche Verpflichtungen unber\u00fchrt bleiben. Alle Angebote sind freibleibend und unverbindlich.<\/p>\n<p style=\"text-align: justify;\"><strong>Links auf fremde Webseiten:<\/strong> Die Inhalte fremder Webseiten, auf die wir direkt oder indirekt verweisen, liegen au\u00dferhalb unseres Verantwortungsbereiches und wir machen sie uns nicht zu Eigen. F\u00fcr alle Inhalte und Nachteile, die aus der Nutzung der in den verlinkten Webseiten aufrufbaren Informationen entstehen, \u00fcbernehmen wir keine Verantwortung.<\/p>\n<p style=\"text-align: justify;\"><strong>Urheberrechte und Markenrechte:<\/strong> Alle auf dieser Website dargestellten Inhalte, wie Texte, Fotografien, Grafiken, Marken und Warenzeichen sind durch die jeweiligen Schutzrechte (Urheberrechte, Markenrechte) gesch\u00fctzt. Die Verwendung, Vervielf\u00e4ltigung usw. unterliegen unseren Rechten oder den Rechten der jeweiligen Urheber bzw. Rechteinhaber.<\/p>\n<p style=\"text-align: justify;\"><strong>Hinweise auf Rechtsverst\u00f6\u00dfe:<\/strong> Sollten Sie innerhalb unseres Internetauftritts Rechtsverst\u00f6\u00dfe bemerken, bitten wir Sie uns auf diese hinzuweisen. Wir werden rechtswidrige Inhalte und Links nach Kenntnisnahme unverz\u00fcglich entfernen.<\/p>\n<p>[\/et_pb_text][\/et_pb_column][\/et_pb_row][\/et_pb_section]<\/p>\n","protected":false},"excerpt":{"rendered":"<p>IMPRESSUM STUDIO AAlexander KochPoelchaukamp 2322301 Hamburg Email: tattoo@studioa.ink oder Kontaktformular der Webseite ONLINE STREITBEILEGUNGDie Europ\u00e4ische Kommission stellt eine Plattform zur Online-Streitbeilegung (OS) bereit, die Sie unter https:\/\/ec.europa.eu\/consumers\/odr\/ finden. Verbraucher haben die M\u00f6glichkeit, diese Plattform f\u00fcr die Beilegung ihrer Streitigkeiten zu nutzen. SOCIAL MEDIADieses Impressum gilt auch f\u00fcr die folgende Social-Media-Pr\u00e4senz: https:\/\/www.instagram.com\/studioa.ink\/ HAFTUNGS- UND SCHUTZRECHTHINWEISEHaftungsausschluss: Die [&hellip;]<\/p>\n","protected":false},"author":1,"featured_media":0,"parent":0,"menu_order":0,"comment_status":"closed","ping_status":"closed","template":"","meta":{"_et_pb_use_builder":"on","_et_pb_old_content":"","_et_gb_content_width":"","footnotes":""},"class_list":["post-88","page","type-page","status-publish","hentry"],"_links":{"self":[{"href":"https:\/\/studioa.ink\/en\/wp-json\/wp\/v2\/pages\/88","targetHints":{"allow":["GET"]}}],"collection":[{"href":"https:\/\/studioa.ink\/en\/wp-json\/wp\/v2\/pages"}],"about":[{"href":"https:\/\/studioa.ink\/en\/wp-json\/wp\/v2\/types\/page"}],"author":[{"embeddable":true,"href":"https:\/\/studioa.ink\/en\/wp-json\/wp\/v2\/users\/1"}],"replies":[{"embeddable":true,"href":"https:\/\/studioa.ink\/en\/wp-json\/wp\/v2\/comments?post=88"}],"version-history":[{"count":0,"href":"https:\/\/studioa.ink\/en\/wp-json\/wp\/v2\/pages\/88\/revisions"}],"wp:attachment":[{"href":"https:\/\/studioa.ink\/en\/wp-json\/wp\/v2\/media?parent=88"}],"curies":[{"name":"wp","href":"https:\/\/api.w.org\/{rel}","templated":true}]}}